{"id":2215,"date":"2024-10-22T12:47:53","date_gmt":"2024-10-22T10:47:53","guid":{"rendered":"https:\/\/www.mediaservice-mallorca.com\/castings\/"},"modified":"2024-11-17T23:20:13","modified_gmt":"2024-11-17T22:20:13","slug":"castings","status":"publish","type":"page","link":"https:\/\/www.mediaservice-mallorca.com\/es\/castings\/","title":{"rendered":"Castings"},"content":{"rendered":"\t\t<div data-elementor-type=\"wp-page\" data-elementor-id=\"2215\" class=\"elementor elementor-2215 elementor-692\" data-elementor-post-type=\"page\">\n\t\t\t\t<div class=\"elementor-element elementor-element-008ed61 e-flex e-con-boxed e-con e-parent\" data-id=\"008ed61\" data-element_type=\"container\" data-e-type=\"container\" data-settings=\"{&quot;background_background&quot;:&quot;classic&quot;}\">\n\t\t\t\t\t<div class=\"e-con-inner\">\n\t\t\t\t\t<\/div>\n\t\t\t\t<\/div>\n\t\t<div class=\"elementor-element elementor-element-f47b807 e-flex e-con-boxed e-con e-parent\" data-id=\"f47b807\" data-element_type=\"container\" data-e-type=\"container\" data-settings=\"{&quot;shape_divider_bottom&quot;:&quot;triangle-asymmetrical&quot;}\">\n\t\t\t\t\t<div class=\"e-con-inner\">\n\t\t\t\t<div class=\"elementor-shape elementor-shape-bottom\" aria-hidden=\"true\" data-negative=\"false\">\n\t\t\t<svg xmlns=\"http:\/\/www.w3.org\/2000\/svg\" viewBox=\"0 0 1000 100\" preserveAspectRatio=\"none\">\n\t<path class=\"elementor-shape-fill\" d=\"M738,99l262-93V0H0v5.6L738,99z\"\/>\n<\/svg>\t\t<\/div>\n\t\t\t\t<div class=\"elementor-element elementor-element-b66e916 elementor-widget elementor-widget-heading\" data-id=\"b66e916\" data-element_type=\"widget\" data-e-type=\"widget\" data-widget_type=\"heading.default\">\n\t\t\t\t<div class=\"elementor-widget-container\">\n\t\t\t\t\t<h1 class=\"elementor-heading-title elementor-size-default\">Tripulaci\u00f3n | Castings<\/h1>\t\t\t\t<\/div>\n\t\t\t\t<\/div>\n\t\t\t\t<div class=\"elementor-element elementor-element-650d045 elementor-widget elementor-widget-heading\" data-id=\"650d045\" data-element_type=\"widget\" data-e-type=\"widget\" data-widget_type=\"heading.default\">\n\t\t\t\t<div class=\"elementor-widget-container\">\n\t\t\t\t\t<h1 class=\"elementor-heading-title elementor-size-default\">Porque no s\u00f3lo de tecnolog\u00eda vive el cine: casting para su producci\u00f3n en Mallorca<\/h1>\t\t\t\t<\/div>\n\t\t\t\t<\/div>\n\t\t\t\t<div class=\"elementor-element elementor-element-d8eaa04 elementor-widget elementor-widget-text-editor\" data-id=\"d8eaa04\" data-element_type=\"widget\" data-e-type=\"widget\" data-widget_type=\"text-editor.default\">\n\t\t\t\t<div class=\"elementor-widget-container\">\n\t\t\t\t\t\t\t\t\t<p><span style=\"font-weight: 400;\">\u00bfNecesita al menos 30 extras en traje de ba\u00f1o para dar vida a su escena de playa? \u00bfO es que el gui\u00f3n ha cambiado espont\u00e1neamente y de repente falta el reparto para un peque\u00f1o papel hablado? El equipo de casting de MSM tiene acceso a cientos de perfiles de casting, que mantenemos listos para usted en nuestra base de datos. Todas las edades, tipos interesantes, personajes diversos. Desde principiantes hasta profesionales de alto nivel: nuestro equipo encontrar\u00e1 los candidatos adecuados para usted. Ah\u00f3rrese el coste de los vuelos y, a menudo, de los hoteles, y d\u00e9jenos a nosotros la parte m\u00e1s laboriosa del casting. Lo organizamos todo aqu\u00ed en la isla y le buscamos suficientes alternativas diferentes para que pueda elegir seg\u00fan sus deseos. Nosotros buscamos y encontramos: \u00a1usted ahorra tiempo y nervios!<\/span><\/p>\n\t\t\t\t\t\t\t\t<\/div>\n\t\t\t\t<\/div>\n\t\t\t\t\t<\/div>\n\t\t\t\t<\/div>\n\t\t<div class=\"elementor-element elementor-element-02ff412 e-con-full e-flex e-con e-parent\" data-id=\"02ff412\" data-element_type=\"container\" data-e-type=\"container\">\n\t\t<div class=\"elementor-element elementor-element-7f4434c e-con-full e-flex e-con e-child\" data-id=\"7f4434c\" data-element_type=\"container\" data-e-type=\"container\">\n\t\t\t\t<div class=\"elementor-element elementor-element-f73d785 elementor-widget elementor-widget-gallery\" data-id=\"f73d785\" data-element_type=\"widget\" data-e-type=\"widget\" data-settings=\"{&quot;columns&quot;:2,&quot;lazyload&quot;:&quot;yes&quot;,&quot;gallery_layout&quot;:&quot;grid&quot;,&quot;columns_tablet&quot;:2,&quot;columns_mobile&quot;:1,&quot;gap&quot;:{&quot;unit&quot;:&quot;px&quot;,&quot;size&quot;:10,&quot;sizes&quot;:[]},&quot;gap_tablet&quot;:{&quot;unit&quot;:&quot;px&quot;,&quot;size&quot;:10,&quot;sizes&quot;:[]},&quot;gap_mobile&quot;:{&quot;unit&quot;:&quot;px&quot;,&quot;size&quot;:10,&quot;sizes&quot;:[]},&quot;link_to&quot;:&quot;file&quot;,&quot;aspect_ratio&quot;:&quot;3:2&quot;,&quot;overlay_background&quot;:&quot;yes&quot;,&quot;content_hover_animation&quot;:&quot;fade-in&quot;}\" data-widget_type=\"gallery.default\">\n\t\t\t\t<div class=\"elementor-widget-container\">\n\t\t\t\t\t\t\t<div class=\"elementor-gallery__container\">\n\t\t\t\t\t\t\t<a class=\"e-gallery-item elementor-gallery-item elementor-animated-content\" href=\"https:\/\/www.mediaservice-mallorca.com\/wp-content\/uploads\/2024\/11\/kamera-ausrichtung.jpg\" data-elementor-open-lightbox=\"yes\" data-elementor-lightbox-slideshow=\"f73d785\" data-elementor-lightbox-title=\"Young serious production studio worker adjusting videocamera during shooting\" data-e-action-hash=\"#elementor-action%3Aaction%3Dlightbox%26settings%3DeyJpZCI6MTk4NSwidXJsIjoiaHR0cHM6XC9cL3d3dy5tZWRpYXNlcnZpY2UtbWFsbG9yY2EuY29tXC93cC1jb250ZW50XC91cGxvYWRzXC8yMDI0XC8xMVwva2FtZXJhLWF1c3JpY2h0dW5nLmpwZyIsInNsaWRlc2hvdyI6ImY3M2Q3ODUifQ%3D%3D\">\n\t\t\t\t\t<div class=\"e-gallery-image elementor-gallery-item__image\" data-thumbnail=\"https:\/\/www.mediaservice-mallorca.com\/wp-content\/uploads\/2024\/11\/kamera-ausrichtung-768x512.jpg\" data-width=\"768\" data-height=\"512\" aria-label=\"\" role=\"img\" ><\/div>\n\t\t\t\t\t\t\t\t\t\t\t<div class=\"elementor-gallery-item__overlay\"><\/div>\n\t\t\t\t\t\t\t\t\t\t\t\t\t\t<\/a>\n\t\t\t\t\t\t\t<a class=\"e-gallery-item elementor-gallery-item elementor-animated-content\" href=\"https:\/\/www.mediaservice-mallorca.com\/wp-content\/uploads\/2024\/11\/castings.jpg\" data-elementor-open-lightbox=\"yes\" data-elementor-lightbox-slideshow=\"f73d785\" data-elementor-lightbox-title=\"Castings\" data-e-action-hash=\"#elementor-action%3Aaction%3Dlightbox%26settings%3DeyJpZCI6MTk0MSwidXJsIjoiaHR0cHM6XC9cL3d3dy5tZWRpYXNlcnZpY2UtbWFsbG9yY2EuY29tXC93cC1jb250ZW50XC91cGxvYWRzXC8yMDI0XC8xMVwvY2FzdGluZ3MuanBnIiwic2xpZGVzaG93IjoiZjczZDc4NSJ9\">\n\t\t\t\t\t<div class=\"e-gallery-image elementor-gallery-item__image\" data-thumbnail=\"https:\/\/www.mediaservice-mallorca.com\/wp-content\/uploads\/2024\/11\/castings-768x512.jpg\" data-width=\"768\" data-height=\"512\" aria-label=\"\" role=\"img\" ><\/div>\n\t\t\t\t\t\t\t\t\t\t\t<div class=\"elementor-gallery-item__overlay\"><\/div>\n\t\t\t\t\t\t\t\t\t\t\t\t\t\t<\/a>\n\t\t\t\t\t\t\t<a class=\"e-gallery-item elementor-gallery-item elementor-animated-content\" href=\"https:\/\/www.mediaservice-mallorca.com\/wp-content\/uploads\/2024\/11\/musikvideoproduktion.jpg\" data-elementor-open-lightbox=\"yes\" data-elementor-lightbox-slideshow=\"f73d785\" data-elementor-lightbox-title=\"The music group shooting a music video\" data-e-action-hash=\"#elementor-action%3Aaction%3Dlightbox%26settings%3DeyJpZCI6MTk5MywidXJsIjoiaHR0cHM6XC9cL3d3dy5tZWRpYXNlcnZpY2UtbWFsbG9yY2EuY29tXC93cC1jb250ZW50XC91cGxvYWRzXC8yMDI0XC8xMVwvbXVzaWt2aWRlb3Byb2R1a3Rpb24uanBnIiwic2xpZGVzaG93IjoiZjczZDc4NSJ9\">\n\t\t\t\t\t<div class=\"e-gallery-image elementor-gallery-item__image\" data-thumbnail=\"https:\/\/www.mediaservice-mallorca.com\/wp-content\/uploads\/2024\/11\/musikvideoproduktion-768x512.jpg\" data-width=\"768\" data-height=\"512\" aria-label=\"\" role=\"img\" ><\/div>\n\t\t\t\t\t\t\t\t\t\t\t<div class=\"elementor-gallery-item__overlay\"><\/div>\n\t\t\t\t\t\t\t\t\t\t\t\t\t\t<\/a>\n\t\t\t\t\t\t\t<a class=\"e-gallery-item elementor-gallery-item elementor-animated-content\" href=\"https:\/\/www.mediaservice-mallorca.com\/wp-content\/uploads\/2024\/11\/make-up.jpg\" data-elementor-open-lightbox=\"yes\" data-elementor-lightbox-slideshow=\"f73d785\" data-elementor-lightbox-title=\"Young man is preparing for TV online broadcast. Woman helps with make up\" data-e-action-hash=\"#elementor-action%3Aaction%3Dlightbox%26settings%3DeyJpZCI6MTk5MSwidXJsIjoiaHR0cHM6XC9cL3d3dy5tZWRpYXNlcnZpY2UtbWFsbG9yY2EuY29tXC93cC1jb250ZW50XC91cGxvYWRzXC8yMDI0XC8xMVwvbWFrZS11cC5qcGciLCJzbGlkZXNob3ciOiJmNzNkNzg1In0%3D\">\n\t\t\t\t\t<div class=\"e-gallery-image elementor-gallery-item__image\" data-thumbnail=\"https:\/\/www.mediaservice-mallorca.com\/wp-content\/uploads\/2024\/11\/make-up-768x512.jpg\" data-width=\"768\" data-height=\"512\" aria-label=\"\" role=\"img\" ><\/div>\n\t\t\t\t\t\t\t\t\t\t\t<div class=\"elementor-gallery-item__overlay\"><\/div>\n\t\t\t\t\t\t\t\t\t\t\t\t\t\t<\/a>\n\t\t\t\t\t<\/div>\n\t\t\t\t\t<\/div>\n\t\t\t\t<\/div>\n\t\t\t\t<\/div>\n\t\t\t\t<\/div>\n\t\t<div class=\"elementor-element elementor-element-3269b29 e-flex e-con-boxed e-con e-parent\" data-id=\"3269b29\" data-element_type=\"container\" data-e-type=\"container\" data-settings=\"{&quot;shape_divider_top&quot;:&quot;triangle-asymmetrical&quot;,&quot;shape_divider_bottom&quot;:&quot;triangle-asymmetrical&quot;}\">\n\t\t\t\t\t<div class=\"e-con-inner\">\n\t\t\t\t<div class=\"elementor-shape elementor-shape-top\" aria-hidden=\"true\" data-negative=\"false\">\n\t\t\t<svg xmlns=\"http:\/\/www.w3.org\/2000\/svg\" viewBox=\"0 0 1000 100\" preserveAspectRatio=\"none\">\n\t<path class=\"elementor-shape-fill\" d=\"M738,99l262-93V0H0v5.6L738,99z\"\/>\n<\/svg>\t\t<\/div>\n\t\t\t\t<div class=\"elementor-shape elementor-shape-bottom\" aria-hidden=\"true\" data-negative=\"false\">\n\t\t\t<svg xmlns=\"http:\/\/www.w3.org\/2000\/svg\" viewBox=\"0 0 1000 100\" preserveAspectRatio=\"none\">\n\t<path class=\"elementor-shape-fill\" d=\"M738,99l262-93V0H0v5.6L738,99z\"\/>\n<\/svg>\t\t<\/div>\n\t\t\t\t<div class=\"elementor-element elementor-element-4a7f1bb elementor-mobile-align-start elementor-icon-list--layout-traditional elementor-list-item-link-full_width elementor-widget elementor-widget-icon-list\" data-id=\"4a7f1bb\" data-element_type=\"widget\" data-e-type=\"widget\" data-widget_type=\"icon-list.default\">\n\t\t\t\t<div class=\"elementor-widget-container\">\n\t\t\t\t\t\t\t<ul class=\"elementor-icon-list-items\">\n\t\t\t\t\t\t\t<li class=\"elementor-icon-list-item\">\n\t\t\t\t\t\t\t\t\t\t\t<span class=\"elementor-icon-list-icon\">\n\t\t\t\t\t\t\t<i aria-hidden=\"true\" class=\"material-icons md-group_add\"><\/i>\t\t\t\t\t\t<\/span>\n\t\t\t\t\t\t\t\t\t\t<span class=\"elementor-icon-list-text\">Cast | Casting<\/span>\n\t\t\t\t\t\t\t\t\t<\/li>\n\t\t\t\t\t\t<\/ul>\n\t\t\t\t\t\t<\/div>\n\t\t\t\t<\/div>\n\t\t\t\t<div class=\"elementor-element elementor-element-3705e36 elementor-widget elementor-widget-text-editor\" data-id=\"3705e36\" data-element_type=\"widget\" data-e-type=\"widget\" data-widget_type=\"text-editor.default\">\n\t\t\t\t<div class=\"elementor-widget-container\">\n\t\t\t\t\t\t\t\t\t<p><span style=\"font-weight: 400;\">\u00bfNecesita al menos 30 extras en traje de ba\u00f1o para dar vida a su escena de playa? \u00bfO es que el gui\u00f3n ha cambiado espont\u00e1neamente y de repente falta el reparto para un peque\u00f1o papel hablado? El equipo de casting de MSM tiene acceso a cientos de perfiles de casting, que mantenemos listos para usted en nuestra base de datos. Todas las edades, tipos interesantes, personajes diversos. Desde principiantes hasta profesionales de alto nivel: nuestro equipo encontrar\u00e1 los candidatos adecuados para usted. Ah\u00f3rrese el coste de los vuelos y, a menudo, de los hoteles, y d\u00e9jenos a nosotros la parte m\u00e1s laboriosa del casting. Lo organizamos todo aqu\u00ed en la isla y le buscamos suficientes alternativas diferentes para que pueda elegir seg\u00fan sus deseos. Nosotros buscamos y encontramos: \u00a1usted ahorra tiempo y nervios!<\/span><\/p>\n\t\t\t\t\t\t\t\t<\/div>\n\t\t\t\t<\/div>\n\t\t\t\t<div class=\"elementor-element elementor-element-f0a6166 elementor-mobile-align-start elementor-icon-list--layout-traditional elementor-list-item-link-full_width elementor-widget elementor-widget-icon-list\" data-id=\"f0a6166\" data-element_type=\"widget\" data-e-type=\"widget\" data-widget_type=\"icon-list.default\">\n\t\t\t\t<div class=\"elementor-widget-container\">\n\t\t\t\t\t\t\t<ul class=\"elementor-icon-list-items\">\n\t\t\t\t\t\t\t<li class=\"elementor-icon-list-item\">\n\t\t\t\t\t\t\t\t\t\t\t<span class=\"elementor-icon-list-icon\">\n\t\t\t\t\t\t\t<i aria-hidden=\"true\" class=\"xlwpf wppb-font-microphone2\"><\/i>\t\t\t\t\t\t<\/span>\n\t\t\t\t\t\t\t\t\t\t<span class=\"elementor-icon-list-text\">Interviewpartner | Setting (f\u00fcr z.B. Reportagen)<\/span>\n\t\t\t\t\t\t\t\t\t<\/li>\n\t\t\t\t\t\t<\/ul>\n\t\t\t\t\t\t<\/div>\n\t\t\t\t<\/div>\n\t\t\t\t<div class=\"elementor-element elementor-element-985439a elementor-widget elementor-widget-text-editor\" data-id=\"985439a\" data-element_type=\"widget\" data-e-type=\"widget\" data-widget_type=\"text-editor.default\">\n\t\t\t\t<div class=\"elementor-widget-container\">\n\t\t\t\t\t\t\t\t\t<p><span style=\"font-weight: 400;\">\u00bfEst\u00e1 buscando un expatriado alem\u00e1n para su documental que viva en Mallorca desde hace mucho tiempo, ense\u00f1e yoga y tenga al menos dos hijos, uno de los cuales haya nacido en Mallorca y el otro en Alemania? No hay problema: encontraremos exactamente al protagonista adecuado para su producci\u00f3n. \u00bfO todav\u00eda le falta alg\u00fan escenario muy concreto para un rodaje? \u00bfQu\u00e9 tal el peque\u00f1o bar mallorqu\u00edn donde el rey de Espa\u00f1a come su pollo todos los a\u00f1os? \u00bfQuiz\u00e1s la zapater\u00eda donde la Reina compra sus alpargatas? \u00bfO un valle monta\u00f1oso completamente inundado donde se dice que aterrizaron extraterrestres? \u00a1Nuestros contactos son sus soluciones!<\/span><\/p>\n\t\t\t\t\t\t\t\t<\/div>\n\t\t\t\t<\/div>\n\t\t\t\t\t<\/div>\n\t\t\t\t<\/div>\n\t\t\t\t<\/div>\n\t\t","protected":false},"excerpt":{"rendered":"<p>Tripulaci\u00f3n | Castings Porque no s\u00f3lo de tecnolog\u00eda vive el cine: casting para su producci\u00f3n en Mallorca \u00bfNecesita al menos 30 extras en traje de ba\u00f1o para dar vida a su escena de playa? \u00bfO es que el gui\u00f3n ha cambiado espont\u00e1neamente y de repente falta el reparto para un peque\u00f1o papel hablado? El equipo [&hellip;]<\/p>\n","protected":false},"author":1,"featured_media":0,"parent":0,"menu_order":8,"comment_status":"closed","ping_status":"closed","template":"","meta":{"footnotes":""},"class_list":["post-2215","page","type-page","status-publish","hentry"],"_links":{"self":[{"href":"https:\/\/www.mediaservice-mallorca.com\/es\/wp-json\/wp\/v2\/pages\/2215","targetHints":{"allow":["GET"]}}],"collection":[{"href":"https:\/\/www.mediaservice-mallorca.com\/es\/wp-json\/wp\/v2\/pages"}],"about":[{"href":"https:\/\/www.mediaservice-mallorca.com\/es\/wp-json\/wp\/v2\/types\/page"}],"author":[{"embeddable":true,"href":"https:\/\/www.mediaservice-mallorca.com\/es\/wp-json\/wp\/v2\/users\/1"}],"replies":[{"embeddable":true,"href":"https:\/\/www.mediaservice-mallorca.com\/es\/wp-json\/wp\/v2\/comments?post=2215"}],"version-history":[{"count":3,"href":"https:\/\/www.mediaservice-mallorca.com\/es\/wp-json\/wp\/v2\/pages\/2215\/revisions"}],"predecessor-version":[{"id":2242,"href":"https:\/\/www.mediaservice-mallorca.com\/es\/wp-json\/wp\/v2\/pages\/2215\/revisions\/2242"}],"wp:attachment":[{"href":"https:\/\/www.mediaservice-mallorca.com\/es\/wp-json\/wp\/v2\/media?parent=2215"}],"curies":[{"name":"wp","href":"https:\/\/api.w.org\/{rel}","templated":true}]}}