{"id":2209,"date":"2024-09-28T09:33:05","date_gmt":"2024-09-28T07:33:05","guid":{"rendered":"https:\/\/www.mediaservice-mallorca.com\/luftaufnahmen\/"},"modified":"2024-11-17T23:18:30","modified_gmt":"2024-11-17T22:18:30","slug":"fotografia-aereal","status":"publish","type":"page","link":"https:\/\/www.mediaservice-mallorca.com\/es\/fotografia-aereal\/","title":{"rendered":"Fotografia aereal"},"content":{"rendered":"\t\t<div data-elementor-type=\"wp-page\" data-elementor-id=\"2209\" class=\"elementor elementor-2209 elementor-363\" data-elementor-post-type=\"page\">\n\t\t\t\t<div class=\"elementor-element elementor-element-142c682 e-flex e-con-boxed e-con e-parent\" data-id=\"142c682\" data-element_type=\"container\" data-e-type=\"container\" data-settings=\"{&quot;background_background&quot;:&quot;classic&quot;}\">\n\t\t\t\t\t<div class=\"e-con-inner\">\n\t\t\t\t\t<\/div>\n\t\t\t\t<\/div>\n\t\t<div class=\"elementor-element elementor-element-84bbaff e-flex e-con-boxed e-con e-parent\" data-id=\"84bbaff\" data-element_type=\"container\" data-e-type=\"container\">\n\t\t\t\t\t<div class=\"e-con-inner\">\n\t\t\t\t<div class=\"elementor-element elementor-element-0334e89 elementor-widget elementor-widget-heading\" data-id=\"0334e89\" data-element_type=\"widget\" data-e-type=\"widget\" data-widget_type=\"heading.default\">\n\t\t\t\t<div class=\"elementor-widget-container\">\n\t\t\t\t\t<h1 class=\"elementor-heading-title elementor-size-default\">Fotos a\u00e9reas<\/h1>\t\t\t\t<\/div>\n\t\t\t\t<\/div>\n\t\t\t\t<div class=\"elementor-element elementor-element-663f9c97 elementor-widget elementor-widget-heading\" data-id=\"663f9c97\" data-element_type=\"widget\" data-e-type=\"widget\" data-widget_type=\"heading.default\">\n\t\t\t\t<div class=\"elementor-widget-container\">\n\t\t\t\t\t<h3 class=\"elementor-heading-title elementor-size-default\">Fotograf\u00eda a\u00e9rea con drones en Mallorca: tecnolog\u00eda voladora que abre nuevas perspectivas.<\/h3>\t\t\t\t<\/div>\n\t\t\t\t<\/div>\n\t\t\t\t<div class=\"elementor-element elementor-element-38207d8e elementor-widget elementor-widget-text-editor\" data-id=\"38207d8e\" data-element_type=\"widget\" data-e-type=\"widget\" data-widget_type=\"text-editor.default\">\n\t\t\t\t<div class=\"elementor-widget-container\">\n\t\t\t\t\t\t\t\t\t<div class=\"fl-module fl-module-rich-text fl-node-yv9o7tjfga43\" data-node=\"yv9o7tjfga43\">\n<div class=\"fl-module-content fl-node-content\">\n<div class=\"fl-rich-text\">\n<p>El vertiginoso ritmo del desarrollo t\u00e9cnico ha convertido las <strong>grabaciones con drones<\/strong> en parte integrante de las producciones modernas. Estas grabaciones no son posibles sin una licencia de piloto v\u00e1lida en Espa\u00f1a. Los vuelos tambi\u00e9n deben estar registrados y autorizados. Tanto si necesita un dron peque\u00f1o y \u00e1gil como sustituto de una dolly o un dron industrial altamente motorizado que tambi\u00e9n pueda manejar sistemas de c\u00e1mara pesados y vuelos especiales, podemos organizar el equipo adecuado para su producci\u00f3n.<br \/>Tambi\u00e9n podemos ofrecerle la variante cl\u00e1sica, para tomas a\u00e9reas con su c\u00e1mara en el <strong>helic\u00f3ptero<\/strong>. Mallorca cuenta con un aer\u00f3dromo especial para proyectos privados.<br \/><strong>Benef\u00edciese de nuestros contactos de larga data con pilotos certificados, ch\u00e1rteres de helic\u00f3pteros experimentados y expertos en drones.<\/strong><\/p>\n<p>Cuando se trata de fotograf\u00eda a\u00e9rea, las <a href=\"https:\/\/www.mediaservice-mallorca.com\/es\/drehgenehmigungen\/\">autorizaciones <\/a> y <a href=\"https:\/\/www.mediaservice-mallorca.com\/es\/drehgenehmigungen\/\">solicitudes <\/a> son esenciales. Nosotros nos encargamos.<\/p>\n<\/div>\n<\/div>\n<\/div>\n\t\t\t\t\t\t\t\t<\/div>\n\t\t\t\t<\/div>\n\t\t\t\t\t<\/div>\n\t\t\t\t<\/div>\n\t\t<div class=\"elementor-element elementor-element-8d6d083 e-con-full e-flex e-con e-parent\" data-id=\"8d6d083\" data-element_type=\"container\" data-e-type=\"container\" data-settings=\"{&quot;background_background&quot;:&quot;classic&quot;}\">\n\t\t\t\t<\/div>\n\t\t<div class=\"elementor-element elementor-element-70d10f3 e-con-full e-flex e-con e-parent\" data-id=\"70d10f3\" data-element_type=\"container\" data-e-type=\"container\" data-settings=\"{&quot;shape_divider_bottom&quot;:&quot;triangle-asymmetrical&quot;}\">\n\t\t\t\t<div class=\"elementor-shape elementor-shape-bottom\" aria-hidden=\"true\" data-negative=\"false\">\n\t\t\t<svg xmlns=\"http:\/\/www.w3.org\/2000\/svg\" viewBox=\"0 0 1000 100\" preserveAspectRatio=\"none\">\n\t<path class=\"elementor-shape-fill\" d=\"M738,99l262-93V0H0v5.6L738,99z\"\/>\n<\/svg>\t\t<\/div>\n\t\t<div class=\"elementor-element elementor-element-66f7938 e-con-full e-flex e-con e-child\" data-id=\"66f7938\" data-element_type=\"container\" data-e-type=\"container\">\n\t\t\t\t<div class=\"elementor-element elementor-element-dc579dd elementor-widget elementor-widget-gallery\" data-id=\"dc579dd\" data-element_type=\"widget\" data-e-type=\"widget\" data-settings=\"{&quot;columns&quot;:2,&quot;lazyload&quot;:&quot;yes&quot;,&quot;gallery_layout&quot;:&quot;grid&quot;,&quot;columns_tablet&quot;:2,&quot;columns_mobile&quot;:1,&quot;gap&quot;:{&quot;unit&quot;:&quot;px&quot;,&quot;size&quot;:10,&quot;sizes&quot;:[]},&quot;gap_tablet&quot;:{&quot;unit&quot;:&quot;px&quot;,&quot;size&quot;:10,&quot;sizes&quot;:[]},&quot;gap_mobile&quot;:{&quot;unit&quot;:&quot;px&quot;,&quot;size&quot;:10,&quot;sizes&quot;:[]},&quot;link_to&quot;:&quot;file&quot;,&quot;aspect_ratio&quot;:&quot;3:2&quot;,&quot;overlay_background&quot;:&quot;yes&quot;,&quot;content_hover_animation&quot;:&quot;fade-in&quot;}\" data-widget_type=\"gallery.default\">\n\t\t\t\t<div class=\"elementor-widget-container\">\n\t\t\t\t\t\t\t<div class=\"elementor-gallery__container\">\n\t\t\t\t\t\t\t<a class=\"e-gallery-item elementor-gallery-item elementor-animated-content\" href=\"https:\/\/www.mediaservice-mallorca.com\/wp-content\/uploads\/2024\/11\/quadrocopter.jpg\" data-elementor-open-lightbox=\"yes\" data-elementor-lightbox-slideshow=\"dc579dd\" data-elementor-lightbox-title=\"silhouette of drone, quadrocopter with photo camera flying in the sky.\" data-e-action-hash=\"#elementor-action%3Aaction%3Dlightbox%26settings%3DeyJpZCI6MjAwMSwidXJsIjoiaHR0cHM6XC9cL3d3dy5tZWRpYXNlcnZpY2UtbWFsbG9yY2EuY29tXC93cC1jb250ZW50XC91cGxvYWRzXC8yMDI0XC8xMVwvcXVhZHJvY29wdGVyLmpwZyIsInNsaWRlc2hvdyI6ImRjNTc5ZGQifQ%3D%3D\">\n\t\t\t\t\t<div class=\"e-gallery-image elementor-gallery-item__image\" data-thumbnail=\"https:\/\/www.mediaservice-mallorca.com\/wp-content\/uploads\/2024\/11\/quadrocopter-768x512.jpg\" data-width=\"768\" data-height=\"512\" aria-label=\"\" role=\"img\" ><\/div>\n\t\t\t\t\t\t\t\t\t\t\t<div class=\"elementor-gallery-item__overlay\"><\/div>\n\t\t\t\t\t\t\t\t\t\t\t\t\t\t<\/a>\n\t\t\t\t\t\t\t<a class=\"e-gallery-item elementor-gallery-item elementor-animated-content\" href=\"https:\/\/www.mediaservice-mallorca.com\/wp-content\/uploads\/2024\/11\/drohne-ueber-kueste.jpg\" data-elementor-open-lightbox=\"yes\" data-elementor-lightbox-slideshow=\"dc579dd\" data-elementor-lightbox-title=\"Rear view of senior woman on a rocky beach taking pictures of th\" data-e-action-hash=\"#elementor-action%3Aaction%3Dlightbox%26settings%3DeyJpZCI6MTk3NywidXJsIjoiaHR0cHM6XC9cL3d3dy5tZWRpYXNlcnZpY2UtbWFsbG9yY2EuY29tXC93cC1jb250ZW50XC91cGxvYWRzXC8yMDI0XC8xMVwvZHJvaG5lLXVlYmVyLWt1ZXN0ZS5qcGciLCJzbGlkZXNob3ciOiJkYzU3OWRkIn0%3D\">\n\t\t\t\t\t<div class=\"e-gallery-image elementor-gallery-item__image\" data-thumbnail=\"https:\/\/www.mediaservice-mallorca.com\/wp-content\/uploads\/2024\/11\/drohne-ueber-kueste-768x1024.jpg\" data-width=\"768\" data-height=\"1024\" aria-label=\"\" role=\"img\" ><\/div>\n\t\t\t\t\t\t\t\t\t\t\t<div class=\"elementor-gallery-item__overlay\"><\/div>\n\t\t\t\t\t\t\t\t\t\t\t\t\t\t<\/a>\n\t\t\t\t\t\t\t<a class=\"e-gallery-item elementor-gallery-item elementor-animated-content\" href=\"https:\/\/www.mediaservice-mallorca.com\/wp-content\/uploads\/2024\/11\/drohne-kurz-vor-start.jpg\" data-elementor-open-lightbox=\"yes\" data-elementor-lightbox-slideshow=\"dc579dd\" data-elementor-lightbox-title=\"drohne-kurz-vor-start\" data-e-action-hash=\"#elementor-action%3Aaction%3Dlightbox%26settings%3DeyJpZCI6MTk3MywidXJsIjoiaHR0cHM6XC9cL3d3dy5tZWRpYXNlcnZpY2UtbWFsbG9yY2EuY29tXC93cC1jb250ZW50XC91cGxvYWRzXC8yMDI0XC8xMVwvZHJvaG5lLWt1cnotdm9yLXN0YXJ0LmpwZyIsInNsaWRlc2hvdyI6ImRjNTc5ZGQifQ%3D%3D\">\n\t\t\t\t\t<div class=\"e-gallery-image elementor-gallery-item__image\" data-thumbnail=\"https:\/\/www.mediaservice-mallorca.com\/wp-content\/uploads\/2024\/11\/drohne-kurz-vor-start-768x512.jpg\" data-width=\"768\" data-height=\"512\" aria-label=\"\" role=\"img\" ><\/div>\n\t\t\t\t\t\t\t\t\t\t\t<div class=\"elementor-gallery-item__overlay\"><\/div>\n\t\t\t\t\t\t\t\t\t\t\t\t\t\t<\/a>\n\t\t\t\t\t\t\t<a class=\"e-gallery-item elementor-gallery-item elementor-animated-content\" href=\"https:\/\/www.mediaservice-mallorca.com\/wp-content\/uploads\/2024\/11\/drohne-steuerung.jpg\" data-elementor-open-lightbox=\"yes\" data-elementor-lightbox-slideshow=\"dc579dd\" data-elementor-lightbox-title=\"close-up. Man controls a drone\" data-e-action-hash=\"#elementor-action%3Aaction%3Dlightbox%26settings%3DeyJpZCI6MTk3NSwidXJsIjoiaHR0cHM6XC9cL3d3dy5tZWRpYXNlcnZpY2UtbWFsbG9yY2EuY29tXC93cC1jb250ZW50XC91cGxvYWRzXC8yMDI0XC8xMVwvZHJvaG5lLXN0ZXVlcnVuZy5qcGciLCJzbGlkZXNob3ciOiJkYzU3OWRkIn0%3D\">\n\t\t\t\t\t<div class=\"e-gallery-image elementor-gallery-item__image\" data-thumbnail=\"https:\/\/www.mediaservice-mallorca.com\/wp-content\/uploads\/2024\/11\/drohne-steuerung-768x512.jpg\" data-width=\"768\" data-height=\"512\" aria-label=\"\" role=\"img\" ><\/div>\n\t\t\t\t\t\t\t\t\t\t\t<div class=\"elementor-gallery-item__overlay\"><\/div>\n\t\t\t\t\t\t\t\t\t\t\t\t\t\t<\/a>\n\t\t\t\t\t<\/div>\n\t\t\t\t\t<\/div>\n\t\t\t\t<\/div>\n\t\t\t\t<\/div>\n\t\t\t\t<\/div>\n\t\t\t\t<\/div>\n\t\t","protected":false},"excerpt":{"rendered":"<p>Fotos a\u00e9reas Fotograf\u00eda a\u00e9rea con drones en Mallorca: tecnolog\u00eda voladora que abre nuevas perspectivas. El vertiginoso ritmo del desarrollo t\u00e9cnico ha convertido las grabaciones con drones en parte integrante de las producciones modernas. Estas grabaciones no son posibles sin una licencia de piloto v\u00e1lida en Espa\u00f1a. Los vuelos tambi\u00e9n deben estar registrados y autorizados. Tanto [&hellip;]<\/p>\n","protected":false},"author":1,"featured_media":0,"parent":0,"menu_order":5,"comment_status":"closed","ping_status":"closed","template":"","meta":{"footnotes":""},"class_list":["post-2209","page","type-page","status-publish","hentry"],"_links":{"self":[{"href":"https:\/\/www.mediaservice-mallorca.com\/es\/wp-json\/wp\/v2\/pages\/2209","targetHints":{"allow":["GET"]}}],"collection":[{"href":"https:\/\/www.mediaservice-mallorca.com\/es\/wp-json\/wp\/v2\/pages"}],"about":[{"href":"https:\/\/www.mediaservice-mallorca.com\/es\/wp-json\/wp\/v2\/types\/page"}],"author":[{"embeddable":true,"href":"https:\/\/www.mediaservice-mallorca.com\/es\/wp-json\/wp\/v2\/users\/1"}],"replies":[{"embeddable":true,"href":"https:\/\/www.mediaservice-mallorca.com\/es\/wp-json\/wp\/v2\/comments?post=2209"}],"version-history":[{"count":5,"href":"https:\/\/www.mediaservice-mallorca.com\/es\/wp-json\/wp\/v2\/pages\/2209\/revisions"}],"predecessor-version":[{"id":2238,"href":"https:\/\/www.mediaservice-mallorca.com\/es\/wp-json\/wp\/v2\/pages\/2209\/revisions\/2238"}],"wp:attachment":[{"href":"https:\/\/www.mediaservice-mallorca.com\/es\/wp-json\/wp\/v2\/media?parent=2209"}],"curies":[{"name":"wp","href":"https:\/\/api.w.org\/{rel}","templated":true}]}}